{"id":1080,"date":"2026-03-20T11:58:34","date_gmt":"2026-03-20T10:58:34","guid":{"rendered":"https:\/\/www.walzenbrecher.at\/?post_type=product&#038;p=1080"},"modified":"2026-03-20T12:03:47","modified_gmt":"2026-03-20T11:03:47","slug":"tipex-test","status":"publish","type":"product","link":"https:\/\/www.walzenbrecher.at\/en\/product\/tipex-test\/","title":{"rendered":"TIPEX Test"},"content":{"rendered":"<h1>TIPEX Test<\/h1>\n<p>Perfekt f\u00fcr Einsatz vor Ort, um Ihre Anspr\u00fcche zu erf\u00fcllen<\/p>\n<p>Erkl\u00e4rtext bzw. Beschreibung: Die Tipex Test ist eine gewaltige Maschine zum mahlen von Steinen und hat einen Durchsatz von &#8230;. Etc.<\/p>\n<table class=\"mceEditable\" style=\"height: 468px;\" border=\"0\" width=\"811\" cellspacing=\"0\" cellpadding=\"3\" align=\"\" data-mce-contenteditable=\"true\">\n<tbody>\n<tr>\n<td>\n<h2>Technische Daten<\/h2>\n<\/td>\n<td><\/td>\n<\/tr>\n<tr>\n<td>\u00a0Maulweite<\/td>\n<td>1200 x 250 mm<\/td>\n<\/tr>\n<tr>\n<td>Max. Aufgabegr\u00f6\u00dfe<\/td>\n<td>ca. 220 mm<\/td>\n<\/tr>\n<tr>\n<td>Spaltweite verstellbar<\/td>\n<td>20 &#8211; 50 mm<\/td>\n<\/tr>\n<tr>\n<td>Durchsatzleistung<\/td>\n<td>20 &#8211; 80 t\/h<\/td>\n<\/tr>\n<tr>\n<td>Brecherdrehzahl<\/td>\n<td>330 U\/min<\/td>\n<\/tr>\n<tr>\n<td>Gewicht<\/td>\n<td>9.500 kg<\/td>\n<\/tr>\n<tr>\n<td>Kraftbedarf<\/td>\n<td>45 &#8211; 75 kW<\/td>\n<\/tr>\n<tr>\n<td>Abmessungen L x B x H<\/td>\n<td>1650 x 2200 x 1385 mm<\/td>\n<\/tr>\n<tr>\n<td>Preis<\/td>\n<td>Auf Anfrage<\/td>\n<\/tr>\n<tr>\n<td>Z\u00fcbeh\u00f6r wie Rahmenaufbau, Motor, Keilriemen und Riemenschutze<\/td>\n<td>Auf Anfrage<\/td>\n<\/tr>\n<\/tbody>\n<\/table>","protected":false},"excerpt":{"rendered":"<p>Backenbrecher mit einer Einlauf\u00f6ffnung von 1200 x 250 mm.<\/p>","protected":false},"featured_media":476,"comment_status":"open","ping_status":"closed","template":"","meta":[],"product_brand":[],"product_cat":[21],"product_tag":[29,50,55,56,75,78,73,53,74,81],"class_list":{"0":"post-1080","1":"product","2":"type-product","3":"status-publish","4":"has-post-thumbnail","6":"product_cat-tibe","7":"product_tag-backenbrecher","8":"product_tag-bb","9":"product_tag-einschwingenbackenbrecher","10":"product_tag-jaw-crusher","11":"product_tag-nachbrecher","12":"product_tag-splittbrecher","13":"product_tag-tibe-1200","14":"product_tag-tipe","15":"product_tag-tipex","16":"product_tag-tipex-1200","18":"first","19":"outofstock","20":"sale","21":"shipping-taxable","22":"purchasable","23":"product-type-simple"},"_links":{"self":[{"href":"https:\/\/www.walzenbrecher.at\/en\/wp-json\/wp\/v2\/product\/1080","targetHints":{"allow":["GET"]}}],"collection":[{"href":"https:\/\/www.walzenbrecher.at\/en\/wp-json\/wp\/v2\/product"}],"about":[{"href":"https:\/\/www.walzenbrecher.at\/en\/wp-json\/wp\/v2\/types\/product"}],"replies":[{"embeddable":true,"href":"https:\/\/www.walzenbrecher.at\/en\/wp-json\/wp\/v2\/comments?post=1080"}],"wp:featuredmedia":[{"embeddable":true,"href":"https:\/\/www.walzenbrecher.at\/en\/wp-json\/wp\/v2\/media\/476"}],"wp:attachment":[{"href":"https:\/\/www.walzenbrecher.at\/en\/wp-json\/wp\/v2\/media?parent=1080"}],"wp:term":[{"taxonomy":"product_brand","embeddable":true,"href":"https:\/\/www.walzenbrecher.at\/en\/wp-json\/wp\/v2\/product_brand?post=1080"},{"taxonomy":"product_cat","embeddable":true,"href":"https:\/\/www.walzenbrecher.at\/en\/wp-json\/wp\/v2\/product_cat?post=1080"},{"taxonomy":"product_tag","embeddable":true,"href":"https:\/\/www.walzenbrecher.at\/en\/wp-json\/wp\/v2\/product_tag?post=1080"}],"curies":[{"name":"wp","href":"https:\/\/api.w.org\/{rel}","templated":true}]}}