{"id":1099,"date":"2026-04-09T11:06:23","date_gmt":"2026-04-09T09:06:23","guid":{"rendered":"https:\/\/www.walzenbrecher.at\/?post_type=product&#038;p=1099"},"modified":"2026-04-09T11:06:23","modified_gmt":"2026-04-09T09:06:23","slug":"sbm-prallmuehle-8-4-3-s3","status":"publish","type":"product","link":"https:\/\/www.walzenbrecher.at\/en\/product\/sbm-prallmuehle-8-4-3-s3\/","title":{"rendered":"SBM Prallm\u00fchle 8\/4\/3-S3"},"content":{"rendered":"<p>Die Maschine ist in sehr guten Zustand.<br \/>\nGepr\u00fcft und Einsatzbereit.<\/p>\n<p>Technische Daten:<\/p>\n<p>Maul\u00f6ffnung im mm: 465&#215;300<br \/>\nAufgabegr\u00f6\u00dfe in mm: bis 150<br \/>\nLeistung in t\/h: 60<br \/>\nKraftbedarf in kW: 75<br \/>\nGewicht in kg: 4410<\/p>","protected":false},"excerpt":{"rendered":"<p>Die Maschine ist in sehr guten Zustand. Gepr\u00fcft und Einsatzbereit. Technische Daten: Maul\u00f6ffnung im mm: 465&#215;300 Aufgabegr\u00f6\u00dfe in mm: bis 150 Leistung in t\/h: 60 Kraftbedarf in kW: 75 Gewicht in kg: 4410<\/p>","protected":false},"featured_media":1100,"comment_status":"open","ping_status":"closed","template":"","meta":[],"product_brand":[],"product_cat":[45],"product_tag":[75,95,96],"class_list":{"0":"post-1099","1":"product","2":"type-product","3":"status-publish","4":"has-post-thumbnail","6":"product_cat-gebrauchtmaschinen","7":"product_tag-nachbrecher","8":"product_tag-prallmuehle","9":"product_tag-sandproduktion","11":"first","12":"instock","13":"sale","14":"shipping-taxable","15":"purchasable","16":"product-type-simple"},"_links":{"self":[{"href":"https:\/\/www.walzenbrecher.at\/en\/wp-json\/wp\/v2\/product\/1099","targetHints":{"allow":["GET"]}}],"collection":[{"href":"https:\/\/www.walzenbrecher.at\/en\/wp-json\/wp\/v2\/product"}],"about":[{"href":"https:\/\/www.walzenbrecher.at\/en\/wp-json\/wp\/v2\/types\/product"}],"replies":[{"embeddable":true,"href":"https:\/\/www.walzenbrecher.at\/en\/wp-json\/wp\/v2\/comments?post=1099"}],"wp:featuredmedia":[{"embeddable":true,"href":"https:\/\/www.walzenbrecher.at\/en\/wp-json\/wp\/v2\/media\/1100"}],"wp:attachment":[{"href":"https:\/\/www.walzenbrecher.at\/en\/wp-json\/wp\/v2\/media?parent=1099"}],"wp:term":[{"taxonomy":"product_brand","embeddable":true,"href":"https:\/\/www.walzenbrecher.at\/en\/wp-json\/wp\/v2\/product_brand?post=1099"},{"taxonomy":"product_cat","embeddable":true,"href":"https:\/\/www.walzenbrecher.at\/en\/wp-json\/wp\/v2\/product_cat?post=1099"},{"taxonomy":"product_tag","embeddable":true,"href":"https:\/\/www.walzenbrecher.at\/en\/wp-json\/wp\/v2\/product_tag?post=1099"}],"curies":[{"name":"wp","href":"https:\/\/api.w.org\/{rel}","templated":true}]}}