{"id":332,"date":"2022-02-23T10:39:54","date_gmt":"2022-02-23T09:39:54","guid":{"rendered":"https:\/\/www.walzenbrecher.at\/?post_type=product&#038;p=332"},"modified":"2022-08-17T09:10:10","modified_gmt":"2022-08-17T07:10:10","slug":"wb-50-3-e-2","status":"publish","type":"product","link":"https:\/\/www.walzenbrecher.at\/en\/product\/wb-50-3-e-2\/","title":{"rendered":"WB 50.3 E"},"content":{"rendered":"<p>Die Zerkleinerung von mineralischen Rohstoffen erfolgt zwischen zwei sich gegenl\u00e4ufig drehenden Walzen.<\/p>\n<p>Ein Walzenbrecher eignet sich speziell zum Feinzerkleinern von vorsortiertem Material bis zu einer maximalen Druckfestigkeit von 25.000 N\/cm2.<\/p>\n<p>Die Zerkleinerung von mineralischen Rohstoffen erfolgt zwischen zwei sich gegenl\u00e4ufig drehenden Walzen. Dabei wird das Aufgabegut vor allem durch Druck und Scherung zwischen den Walzen beansprucht und zerkleinert.<\/p>\n<p>&nbsp;<\/p>\n<h2>Technische Daten<\/h2>\n<p>Durchsatz\u00a0\u00a0\u00a0\u00a0\u00a0\u00a0\u00a0\u00a0\u00a0\u00a0\u00a0\u00a0\u00a0\u00a0\u00a0\u00a0\u00a0\u00a0\u00a0\u00a0\u00a0\u00a0\u00a0\u00a0\u00a0\u00a0\u00a0\u00a0\u00a0\u00a0 :\u00a0\u00a0\u00a0\u00a0\u00a0\u00a0\u00a0\u00a0\u00a0\u00a0 0,1 &#8211; 50 t\/h<\/p>\n<p>Aufgabe\u00a0\u00a0\u00a0\u00a0\u00a0\u00a0\u00a0\u00a0\u00a0\u00a0\u00a0\u00a0\u00a0\u00a0\u00a0\u00a0\u00a0\u00a0\u00a0\u00a0\u00a0\u00a0\u00a0\u00a0\u00a0\u00a0\u00a0\u00a0\u00a0\u00a0\u00a0\u00a0\u00a0 :\u00a0\u00a0\u00a0\u00a0\u00a0\u00a0\u00a0\u00a0\u00a0\u00a0 max. 60 mm<\/p>\n<p>Motorleistung\u00a0\u00a0\u00a0\u00a0\u00a0\u00a0\u00a0\u00a0\u00a0\u00a0\u00a0\u00a0\u00a0 \u00a0\u00a0\u00a0\u00a0\u00a0\u00a0\u00a0\u00a0\u00a0\u00a0\u00a0 :\u00a0\u00a0\u00a0\u00a0\u00a0\u00a0\u00a0\u00a0\u00a0\u00a0 9,2 kW \/ 15 kW<\/p>\n<p>Zerkleinerungsgrad\u00a0\u00a0\u00a0 \u00a0\u00a0\u00a0\u00a0\u00a0\u00a0\u00a0\u00a0\u00a0\u00a0\u00a0 :\u00a0\u00a0\u00a0\u00a0\u00a0\u00a0\u00a0\u00a0\u00a0\u00a0 1 : 4 (6)<\/p>\n<p>Aufgabe\u00f6ffnung\u00a0\u00a0\u00a0\u00a0\u00a0\u00a0\u00a0\u00a0\u00a0\u00a0\u00a0\u00a0\u00a0\u00a0\u00a0\u00a0\u00a0\u00a0\u00a0\u00a0 :\u00a0\u00a0\u00a0\u00a0\u00a0\u00a0\u00a0\u00a0\u00a0\u00a0 200 x 500 mm<\/p>\n<p>Gewicht\u00a0\u00a0\u00a0\u00a0\u00a0\u00a0\u00a0\u00a0\u00a0\u00a0\u00a0\u00a0\u00a0\u00a0\u00a0\u00a0\u00a0\u00a0\u00a0\u00a0\u00a0\u00a0\u00a0\u00a0\u00a0\u00a0\u00a0\u00a0\u00a0\u00a0\u00a0\u00a0\u00a0 :\u00a0\u00a0\u00a0\u00a0\u00a0\u00a0\u00a0\u00a0\u00a0\u00a0 3,0 t<\/p>\n<p>H\u00f6he der Maschine\u00a0\u00a0\u00a0 \u00a0\u00a0\u00a0\u00a0\u00a0\u00a0\u00a0\u00a0\u00a0\u00a0\u00a0 :\u00a0\u00a0\u00a0\u00a0\u00a0\u00a0\u00a0\u00a0\u00a0\u00a0 1442 mm<\/p>\n<p>Breite der Maschine\u00a0\u00a0 \u00a0\u00a0\u00a0\u00a0\u00a0\u00a0\u00a0\u00a0\u00a0\u00a0\u00a0 :\u00a0\u00a0\u00a0\u00a0\u00a0\u00a0\u00a0\u00a0\u00a0\u00a0 1950 mm<\/p>\n<p>L\u00e4nge der Maschine\u00a0 \u00a0\u00a0\u00a0\u00a0\u00a0\u00a0\u00a0\u00a0\u00a0\u00a0\u00a0 :\u00a0\u00a0\u00a0\u00a0\u00a0\u00a0\u00a0\u00a0\u00a0\u00a0 2577 mm<\/p>\n<p>&nbsp;<\/p>\n<p>Die oben genannte Leistung bezieht sich auf mineralische Stoffe mit einem spezifischen Gewicht von ca. 1,6 t \/ Kubikmeter.<\/p>\n<p>Die Leistung variiert je nach Einsatzbereich und Eigenschaften des Brechgutes, wie etwa Form und Gr\u00f6\u00dfe des zugef\u00fchrten Gesteins, F\u00fcllmethode, Feuchtigkeitsgehalt, Verschmutzungsgrad, Feinanteile etc. Gesprengtes Material erreicht bessere Durchsatzleistungen als hartes abgerundetes Material wie zum Beispiel Flusskies.<\/p>","protected":false},"excerpt":{"rendered":"<p>Zerkleinerungsmaschine f\u00fcr die Zerkleinerung von mineralischen Rohstoffen zwischen zwei sich gegenl\u00e4ufig drehenden Walzen.<\/p>","protected":false},"featured_media":378,"comment_status":"open","ping_status":"closed","template":"","meta":[],"product_brand":[],"product_cat":[23],"product_tag":[48,49],"class_list":{"0":"post-332","1":"product","2":"type-product","3":"status-publish","4":"has-post-thumbnail","6":"product_cat-walzenbrecher","7":"product_tag-walzenbrecher","8":"product_tag-wb","10":"first","11":"outofstock","12":"shipping-taxable","13":"product-type-simple"},"_links":{"self":[{"href":"https:\/\/www.walzenbrecher.at\/en\/wp-json\/wp\/v2\/product\/332","targetHints":{"allow":["GET"]}}],"collection":[{"href":"https:\/\/www.walzenbrecher.at\/en\/wp-json\/wp\/v2\/product"}],"about":[{"href":"https:\/\/www.walzenbrecher.at\/en\/wp-json\/wp\/v2\/types\/product"}],"replies":[{"embeddable":true,"href":"https:\/\/www.walzenbrecher.at\/en\/wp-json\/wp\/v2\/comments?post=332"}],"wp:featuredmedia":[{"embeddable":true,"href":"https:\/\/www.walzenbrecher.at\/en\/wp-json\/wp\/v2\/media\/378"}],"wp:attachment":[{"href":"https:\/\/www.walzenbrecher.at\/en\/wp-json\/wp\/v2\/media?parent=332"}],"wp:term":[{"taxonomy":"product_brand","embeddable":true,"href":"https:\/\/www.walzenbrecher.at\/en\/wp-json\/wp\/v2\/product_brand?post=332"},{"taxonomy":"product_cat","embeddable":true,"href":"https:\/\/www.walzenbrecher.at\/en\/wp-json\/wp\/v2\/product_cat?post=332"},{"taxonomy":"product_tag","embeddable":true,"href":"https:\/\/www.walzenbrecher.at\/en\/wp-json\/wp\/v2\/product_tag?post=332"}],"curies":[{"name":"wp","href":"https:\/\/api.w.org\/{rel}","templated":true}]}}