{"id":83,"date":"2022-02-16T10:39:35","date_gmt":"2022-02-16T09:39:35","guid":{"rendered":"https:\/\/www.walzenbrecher.at\/?post_type=product&#038;p=83"},"modified":"2022-02-16T10:39:35","modified_gmt":"2022-02-16T09:39:35","slug":"einschwingen-backenbrecher-dc","status":"publish","type":"product","link":"https:\/\/www.walzenbrecher.at\/en\/product\/einschwingen-backenbrecher-dc\/","title":{"rendered":"Einschwingen Backenbrecher DC"},"content":{"rendered":"<p>Die DC-Backenbrecher erf\u00fcllen die wichtigsten Anforderungen f\u00fcr moderne Backenbrecher: Sie arbeiten mit einer hohen Leistung und haben somit die F\u00e4higkeit, sehr gor\u00dfe Materialst\u00fccke bei einem niedrigen Gewicht und einer einfachen Maschinenkonstruktion zu verarbeiten.<\/p>\n<p>&nbsp;<\/p>\n<p>Die robuste, aber doch leichte technische L\u00f6sung mit einem einfachen kinematischen Mechanismus ist mit R\u00fccksicht auf die Betriebszuverl\u00e4ssigkeit und Sparsamkeit entworfen.<\/p>\n<p>&nbsp;<\/p>\n<ul>\n<li>einfache Einstellung und Instandhaltung<\/li>\n<li>Integrierbarkeit in semimobile oder mobile Brechereinrichtungen<\/li>\n<\/ul>\n<p>&nbsp;<\/p>\n<div id=\"cc-m-14464327723\" class=\"j-module n j-header\">\n<h2 id=\"cc-m-header-14464327723\" class=\"\">Technische Daten<\/h2>\n<\/div>\n<div id=\"cc-m-14304810223\" class=\"j-module n j-hr\">\n<hr \/>\n<\/div>\n<div id=\"cc-m-14464778923\" class=\"j-module n j-spacing\">\n<div class=\"cc-m-spacer\"><\/div>\n<\/div>\n<div id=\"cc-m-14304824923\" class=\"j-module n j-textWithImage\">\n<figure class=\"cc-imagewrapper cc-m-image-align-1\"><img decoding=\"async\" id=\"cc-m-textwithimage-image-14304824923\" class=\"\" src=\"https:\/\/image.jimcdn.com\/app\/cms\/image\/transf\/none\/path\/sa902d32980f8fc44\/image\/i7e3af46534892d94\/version\/1584099282\/image.jpg\" sizes=\"(min-width: 704px) 704px, 100vw\" srcset=\"https:\/\/image.jimcdn.com\/app\/cms\/image\/transf\/dimension=320x1024:format=jpg\/path\/sa902d32980f8fc44\/image\/i7e3af46534892d94\/version\/1584099282\/image.jpg 320w, https:\/\/image.jimcdn.com\/app\/cms\/image\/transf\/dimension=640x1024:format=jpg\/path\/sa902d32980f8fc44\/image\/i7e3af46534892d94\/version\/1584099282\/image.jpg 640w, https:\/\/image.jimcdn.com\/app\/cms\/image\/transf\/none\/path\/sa902d32980f8fc44\/image\/i7e3af46534892d94\/version\/1584099282\/image.jpg 704w\" alt=\"\" data-src-width=\"704\" data-src-height=\"106\" data-src=\"https:\/\/image.jimcdn.com\/app\/cms\/image\/transf\/none\/path\/sa902d32980f8fc44\/image\/i7e3af46534892d94\/version\/1584099282\/image.jpg\" data-image-id=\"9309550223\" \/><\/figure>\n<div>\n<div id=\"cc-m-textwithimage-14304824923\" class=\"cc-m-textwithimage-inline-rte\" data-name=\"text\" data-action=\"text\"><\/div>\n<\/div>\n<div class=\"cc-clear\"><\/div>\n<\/div>\n<div id=\"cc-m-14464327423\" class=\"j-module n j-spacing\"><\/div>","protected":false},"excerpt":{"rendered":"<p>Die DC-Backenbrecher erf\u00fcllen die wichtigsten Anforderungen f\u00fcr moderne Backenbrecher: Sie arbeiten mit einer hohen Leistung und haben somit die F\u00e4higkeit, sehr gor\u00dfe Materialst\u00fccke bei einem niedrigen Gewicht und einer einfachen Maschinenkonstruktion zu verarbeiten. &nbsp; Die robuste, aber doch leichte technische L\u00f6sung mit einem einfachen kinematischen Mechanismus ist mit R\u00fccksicht auf die Betriebszuverl\u00e4ssigkeit und Sparsamkeit entworfen. [&hellip;]<\/p>\n","protected":false},"featured_media":0,"comment_status":"open","ping_status":"closed","template":"","meta":[],"product_brand":[],"product_cat":[22],"product_tag":[],"class_list":{"0":"post-83","1":"product","2":"type-product","3":"status-publish","5":"product_cat-dsp-prerov","7":"first","8":"instock","9":"shipping-taxable","10":"product-type-simple"},"_links":{"self":[{"href":"https:\/\/www.walzenbrecher.at\/en\/wp-json\/wp\/v2\/product\/83","targetHints":{"allow":["GET"]}}],"collection":[{"href":"https:\/\/www.walzenbrecher.at\/en\/wp-json\/wp\/v2\/product"}],"about":[{"href":"https:\/\/www.walzenbrecher.at\/en\/wp-json\/wp\/v2\/types\/product"}],"replies":[{"embeddable":true,"href":"https:\/\/www.walzenbrecher.at\/en\/wp-json\/wp\/v2\/comments?post=83"}],"wp:attachment":[{"href":"https:\/\/www.walzenbrecher.at\/en\/wp-json\/wp\/v2\/media?parent=83"}],"wp:term":[{"taxonomy":"product_brand","embeddable":true,"href":"https:\/\/www.walzenbrecher.at\/en\/wp-json\/wp\/v2\/product_brand?post=83"},{"taxonomy":"product_cat","embeddable":true,"href":"https:\/\/www.walzenbrecher.at\/en\/wp-json\/wp\/v2\/product_cat?post=83"},{"taxonomy":"product_tag","embeddable":true,"href":"https:\/\/www.walzenbrecher.at\/en\/wp-json\/wp\/v2\/product_tag?post=83"}],"curies":[{"name":"wp","href":"https:\/\/api.w.org\/{rel}","templated":true}]}}